{"id":961,"date":"2023-11-21T22:23:33","date_gmt":"2023-11-21T22:23:33","guid":{"rendered":"https:\/\/victorsoliv.com\/?page_id=961"},"modified":"2023-11-21T22:27:18","modified_gmt":"2023-11-21T22:27:18","slug":"positivotechservices","status":"publish","type":"page","link":"https:\/\/victorsoliv.com\/en\/portfolio\/positivotechservices\/","title":{"rendered":"Positivo Tech Services"},"content":{"rendered":"<div data-elementor-type=\"wp-page\" data-elementor-id=\"961\" class=\"elementor elementor-961\" data-elementor-settings=\"{&quot;ha_cmc_init_switcher&quot;:&quot;no&quot;}\" data-elementor-post-type=\"page\">\n\t\t\t\t<div class=\"elementor-element elementor-element-3033d39 e-flex e-con-boxed wpr-particle-no wpr-jarallax-no wpr-parallax-no wpr-sticky-section-no e-con e-parent\" data-id=\"3033d39\" data-element_type=\"container\" data-settings=\"{&quot;_ha_eqh_enable&quot;:false}\">\n\t\t\t\t\t<div class=\"e-con-inner\">\n\t\t<div class=\"elementor-element elementor-element-ace9b09 e-flex e-con-boxed wpr-particle-no wpr-jarallax-no wpr-parallax-no wpr-sticky-section-no e-con e-child\" data-id=\"ace9b09\" data-element_type=\"container\" data-settings=\"{&quot;background_background&quot;:&quot;classic&quot;,&quot;_ha_eqh_enable&quot;:false}\">\n\t\t\t\t\t<div class=\"e-con-inner\">\n\t\t<div class=\"elementor-element elementor-element-62504fd e-flex e-con-boxed wpr-particle-no wpr-jarallax-no wpr-parallax-no wpr-sticky-section-no e-con e-child\" data-id=\"62504fd\" data-element_type=\"container\" data-settings=\"{&quot;_ha_eqh_enable&quot;:false}\">\n\t\t\t\t\t<div class=\"e-con-inner\">\n\t\t\t\t<div class=\"elementor-element elementor-element-b259c90 elementor-widget elementor-widget-image\" data-id=\"b259c90\" data-element_type=\"widget\" data-widget_type=\"image.default\">\n\t\t\t\t<div class=\"elementor-widget-container\">\n\t\t\t\t\t\t\t\t\t\t\t\t\t\t\t<img fetchpriority=\"high\" decoding=\"async\" width=\"1000\" height=\"1000\" src=\"https:\/\/victorsoliv.com\/wp-content\/uploads\/2023\/11\/Positivo-Tech-Services.jpg\" class=\"attachment-large size-large wp-image-774\" alt=\"\" srcset=\"https:\/\/victorsoliv.com\/wp-content\/uploads\/2023\/11\/Positivo-Tech-Services.jpg 1000w, https:\/\/victorsoliv.com\/wp-content\/uploads\/2023\/11\/Positivo-Tech-Services-300x300.jpg 300w, https:\/\/victorsoliv.com\/wp-content\/uploads\/2023\/11\/Positivo-Tech-Services-150x150.jpg 150w, https:\/\/victorsoliv.com\/wp-content\/uploads\/2023\/11\/Positivo-Tech-Services-768x768.jpg 768w\" sizes=\"(max-width: 1000px) 100vw, 1000px\" \/>\t\t\t\t\t\t\t\t\t\t\t\t\t\t\t<\/div>\n\t\t\t\t<\/div>\n\t\t\t\t\t<\/div>\n\t\t\t\t<\/div>\n\t\t<div class=\"elementor-element elementor-element-14d1092 e-con-full e-flex wpr-particle-no wpr-jarallax-no wpr-parallax-no wpr-sticky-section-no e-con e-child\" data-id=\"14d1092\" data-element_type=\"container\" data-settings=\"{&quot;_ha_eqh_enable&quot;:false}\">\n\t\t<div class=\"elementor-element elementor-element-4c8721a e-con-full e-flex wpr-particle-no wpr-jarallax-no wpr-parallax-no wpr-sticky-section-no e-con e-child\" data-id=\"4c8721a\" data-element_type=\"container\" data-settings=\"{&quot;_ha_eqh_enable&quot;:false}\">\n\t\t\t\t<div class=\"elementor-element elementor-element-392016b ha-has-bg-overlay elementor-widget elementor-widget-heading\" data-id=\"392016b\" data-element_type=\"widget\" data-widget_type=\"heading.default\">\n\t\t\t\t<div class=\"elementor-widget-container\">\n\t\t\t\t\t<h2 class=\"elementor-heading-title elementor-size-default\">Tecnologia<\/h2>\t\t\t\t<\/div>\n\t\t\t\t<\/div>\n\t\t\t\t<\/div>\n\t\t\t\t<div class=\"elementor-element elementor-element-259532a elementor-widget elementor-widget-heading\" data-id=\"259532a\" data-element_type=\"widget\" data-widget_type=\"heading.default\">\n\t\t\t\t<div class=\"elementor-widget-container\">\n\t\t\t\t\t<h2 class=\"elementor-heading-title elementor-size-default\">Positivo Tech Services - Site oficial<\/h2>\t\t\t\t<\/div>\n\t\t\t\t<\/div>\n\t\t\t\t<div class=\"elementor-element elementor-element-ce5175f elementor-widget elementor-widget-heading\" data-id=\"ce5175f\" data-element_type=\"widget\" data-widget_type=\"heading.default\">\n\t\t\t\t<div class=\"elementor-widget-container\">\n\t\t\t\t\t<h2 class=\"elementor-heading-title elementor-size-default\">Cria\u00e7\u00e3o do Design System e Interface para o site institucional oficial da empresa Positivo Tech Services.<\/h2>\t\t\t\t<\/div>\n\t\t\t\t<\/div>\n\t\t\t\t<div class=\"elementor-element elementor-element-dcdbfa0 elementor-widget-divider--view-line elementor-widget elementor-widget-divider\" data-id=\"dcdbfa0\" data-element_type=\"widget\" data-widget_type=\"divider.default\">\n\t\t\t\t<div class=\"elementor-widget-container\">\n\t\t\t\t\t\t\t<div class=\"elementor-divider\">\n\t\t\t<span class=\"elementor-divider-separator\">\n\t\t\t\t\t\t<\/span>\n\t\t<\/div>\n\t\t\t\t\t\t<\/div>\n\t\t\t\t<\/div>\n\t\t\t\t<div class=\"elementor-element elementor-element-254d51a elementor-widget elementor-widget-heading\" data-id=\"254d51a\" data-element_type=\"widget\" data-widget_type=\"heading.default\">\n\t\t\t\t<div class=\"elementor-widget-container\">\n\t\t\t\t\t<h2 class=\"elementor-heading-title elementor-size-default\">Cria\u00e7\u00e3o, Dire\u00e7\u00e3o e Produ\u00e7\u00e3o:<\/h2>\t\t\t\t<\/div>\n\t\t\t\t<\/div>\n\t\t\t\t<div class=\"elementor-element elementor-element-8a52be3 elementor-widget elementor-widget-heading\" data-id=\"8a52be3\" data-element_type=\"widget\" data-widget_type=\"heading.default\">\n\t\t\t\t<div class=\"elementor-widget-container\">\n\t\t\t\t\t<h2 class=\"elementor-heading-title elementor-size-default\">Victor Soliv.<\/h2>\t\t\t\t<\/div>\n\t\t\t\t<\/div>\n\t\t\t\t<div class=\"elementor-element elementor-element-6d8da08 elementor-widget-divider--view-line elementor-widget elementor-widget-divider\" data-id=\"6d8da08\" data-element_type=\"widget\" data-widget_type=\"divider.default\">\n\t\t\t\t<div class=\"elementor-widget-container\">\n\t\t\t\t\t\t\t<div class=\"elementor-divider\">\n\t\t\t<span class=\"elementor-divider-separator\">\n\t\t\t\t\t\t<\/span>\n\t\t<\/div>\n\t\t\t\t\t\t<\/div>\n\t\t\t\t<\/div>\n\t\t<div class=\"elementor-element elementor-element-4e000dc e-flex e-con-boxed wpr-particle-no wpr-jarallax-no wpr-parallax-no wpr-sticky-section-no e-con e-child\" data-id=\"4e000dc\" data-element_type=\"container\" data-settings=\"{&quot;_ha_eqh_enable&quot;:false}\">\n\t\t\t\t\t<div class=\"e-con-inner\">\n\t\t\t\t<div class=\"elementor-element elementor-element-92fceb5 elementor-widget elementor-widget-button\" data-id=\"92fceb5\" data-element_type=\"widget\" data-widget_type=\"button.default\">\n\t\t\t\t<div class=\"elementor-widget-container\">\n\t\t\t\t\t\t\t\t\t<div class=\"elementor-button-wrapper\">\n\t\t\t\t\t<a class=\"elementor-button elementor-button-link elementor-size-sm\" href=\"https:\/\/www.figma.com\/proto\/jtlmHhEi5RBxsKoEVuZ3P9\/Positivo-Tech-Services-(CLIENTE)?type=design&#038;node-id=1-4&#038;t=oVIII9hN5Kyvdgr8-1&#038;scaling=min-zoom&#038;page-id=0%3A1&#038;starting-point-node-id=1%3A4&#038;mode=design\" target=\"_blank\">\n\t\t\t\t\t\t<span class=\"elementor-button-content-wrapper\">\n\t\t\t\t\t\t<span class=\"elementor-button-icon\">\n\t\t\t\t<i aria-hidden=\"true\" class=\"far fa-window-maximize\"><\/i>\t\t\t<\/span>\n\t\t\t\t\t\t\t\t\t<span class=\"elementor-button-text\">Ver prot\u00f3tipo<\/span>\n\t\t\t\t\t<\/span>\n\t\t\t\t\t<\/a>\n\t\t\t\t<\/div>\n\t\t\t\t\t\t\t\t<\/div>\n\t\t\t\t<\/div>\n\t\t\t\t<div class=\"elementor-element elementor-element-2d538b1 elementor-widget elementor-widget-button\" data-id=\"2d538b1\" data-element_type=\"widget\" data-widget_type=\"button.default\">\n\t\t\t\t<div class=\"elementor-widget-container\">\n\t\t\t\t\t\t\t\t\t<div class=\"elementor-button-wrapper\">\n\t\t\t\t\t<a class=\"elementor-button elementor-button-link elementor-size-sm\" href=\"https:\/\/www.figma.com\/file\/jtlmHhEi5RBxsKoEVuZ3P9\/Positivo-Tech-Services-(CLIENTE)?type=design&#038;node-id=0%3A1&#038;mode=design&#038;t=iKMBfBdlo7pSuFGE-1\" target=\"_blank\">\n\t\t\t\t\t\t<span class=\"elementor-button-content-wrapper\">\n\t\t\t\t\t\t<span class=\"elementor-button-icon\">\n\t\t\t\t<i aria-hidden=\"true\" class=\"fas fa-pen\"><\/i>\t\t\t<\/span>\n\t\t\t\t\t\t\t\t\t<span class=\"elementor-button-text\">Ver projeto<\/span>\n\t\t\t\t\t<\/span>\n\t\t\t\t\t<\/a>\n\t\t\t\t<\/div>\n\t\t\t\t\t\t\t\t<\/div>\n\t\t\t\t<\/div>\n\t\t\t\t\t<\/div>\n\t\t\t\t<\/div>\n\t\t\t\t<\/div>\n\t\t\t\t\t<\/div>\n\t\t\t\t<\/div>\n\t\t\t\t\t<\/div>\n\t\t\t\t<\/div>\n\t\t\t\t<\/div>","protected":false},"excerpt":{"rendered":"<p>Tecnologia Positivo Tech Services &#8211; Site oficial Cria\u00e7\u00e3o do Design System e Interface para o site institucional oficial da empresa Positivo Tech Services. Cria\u00e7\u00e3o, Dire\u00e7\u00e3o e Produ\u00e7\u00e3o: Victor Soliv. Ver prot\u00f3tipo Ver projeto<\/p>","protected":false},"author":1,"featured_media":0,"parent":741,"menu_order":0,"comment_status":"closed","ping_status":"closed","template":"elementor_canvas","meta":{"om_disable_all_campaigns":false,"_monsterinsights_skip_tracking":false,"_monsterinsights_sitenote_active":false,"_monsterinsights_sitenote_note":"","_monsterinsights_sitenote_category":0,"footnotes":""},"class_list":["post-961","page","type-page","status-publish","hentry"],"blocksy_meta":{"styles_descriptor":{"styles":{"desktop":"","tablet":"","mobile":""},"google_fonts":[],"version":5}},"aioseo_notices":[],"_links":{"self":[{"href":"https:\/\/victorsoliv.com\/en\/wp-json\/wp\/v2\/pages\/961","targetHints":{"allow":["GET"]}}],"collection":[{"href":"https:\/\/victorsoliv.com\/en\/wp-json\/wp\/v2\/pages"}],"about":[{"href":"https:\/\/victorsoliv.com\/en\/wp-json\/wp\/v2\/types\/page"}],"author":[{"embeddable":true,"href":"https:\/\/victorsoliv.com\/en\/wp-json\/wp\/v2\/users\/1"}],"replies":[{"embeddable":true,"href":"https:\/\/victorsoliv.com\/en\/wp-json\/wp\/v2\/comments?post=961"}],"version-history":[{"count":7,"href":"https:\/\/victorsoliv.com\/en\/wp-json\/wp\/v2\/pages\/961\/revisions"}],"predecessor-version":[{"id":968,"href":"https:\/\/victorsoliv.com\/en\/wp-json\/wp\/v2\/pages\/961\/revisions\/968"}],"up":[{"embeddable":true,"href":"https:\/\/victorsoliv.com\/en\/wp-json\/wp\/v2\/pages\/741"}],"wp:attachment":[{"href":"https:\/\/victorsoliv.com\/en\/wp-json\/wp\/v2\/media?parent=961"}],"curies":[{"name":"wp","href":"https:\/\/api.w.org\/{rel}","templated":true}]}}